

{"id":2389,"date":"2024-05-31T22:10:40","date_gmt":"2024-05-31T20:10:40","guid":{"rendered":"https:\/\/www.panda-events.com\/?page_id=2389"},"modified":"2024-05-31T22:16:43","modified_gmt":"2024-05-31T20:16:43","slug":"foire-aux-questions","status":"publish","type":"page","link":"https:\/\/www.panda-events.com\/en\/foire-aux-questions\/","title":{"rendered":"Frequently asked questions"},"content":{"rendered":"<div data-elementor-type=\"wp-page\" data-elementor-id=\"2389\" class=\"elementor elementor-2389\" data-elementor-post-type=\"page\">\n\t\t\t\t<div class=\"elementor-element elementor-element-7fcb4e1 e-flex e-con-boxed e-con e-parent\" data-id=\"7fcb4e1\" data-element_type=\"container\" data-e-type=\"container\" data-settings=\"{&quot;jet_parallax_layout_list&quot;:[]}\">\n\t\t\t\t\t<div class=\"e-con-inner\">\n\t\t\t\t<div class=\"elementor-element elementor-element-9b619ab elementor-widget elementor-widget-exhibz-title\" data-id=\"9b619ab\" data-element_type=\"widget\" data-e-type=\"widget\" data-settings=\"{&quot;ekit_we_effect_on&quot;:&quot;none&quot;}\" data-widget_type=\"exhibz-title.default\">\n\t\t\t\t<div class=\"elementor-widget-container\">\n\t\t\t\t\t\n    <div class=\"title-section-area\">\n        <h2 class=\"section-title\">\n            <span class=\"sub-title\"><\/span>\n\t\t\tFREQUENTLY ASKED QUESTIONS        <\/h2>\n\t\t\t\t\t<div class=\"title-desc\"><p>What to do, where, how and much more.<\/p><\/div>\n\t\t                    <span class=\"title-shape\">\n                  <svg xmlns='http:\/\/www.w3.org\/2000\/svg' xmlns:xlink='http:\/\/www.w3.org\/1999\/xlink' width='71px' height='11px'> <path fill-rule='evenodd' d='M59.669,10.710 L49.164,3.306 L39.428,10.681 L29.714,3.322 L20.006,10.682 L10.295,3.322 L1.185,10.228 L-0.010,8.578 L10.295,0.765 L20.006,8.125 L29.714,0.765 L39.428,8.125 L49.122,0.781 L59.680,8.223 L69.858,1.192 L70.982,2.895 L59.669,10.710 Z'\/><\/svg>\n            <\/span>\n                    <\/div><!-- Section title -->\n    \n    \n\n    \t\t\t\t<\/div>\n\t\t\t\t<\/div>\n\t\t\t\t<div class=\"elementor-element elementor-element-23e131e elementor-widget elementor-widget-text-editor\" data-id=\"23e131e\" data-element_type=\"widget\" data-e-type=\"widget\" data-settings=\"{&quot;ekit_we_effect_on&quot;:&quot;none&quot;}\" data-widget_type=\"text-editor.default\">\n\t\t\t\t<div class=\"elementor-widget-container\">\n\t\t\t\t\t\t\t\t\t<h4>OBJECTS FOUND<\/h4><p>Did you lose something during your visit? Maybe we've found it!<br \/>Go to our contact form and describe this object as precisely as possible.<\/p><h4>IS ONLINE PAYMENT ON THE PANDA-EVENTS WEBSITE SECURE?<\/h4><p>Payment is secure at 100%, even though the padlock is not displayed in the url address bar. The payment page is secure and encrypted, but the entire Panda Events website is not, hence the absence of the padlock.<\/p><h4><strong>I'M A MINOR AND WOULD LIKE TO ATTEND A CONCERT. IS THIS POSSIBLE?<\/strong><\/h4><p>As stipulated in our house rules: unless otherwise stated, access to the bar and shows is forbidden to people under 16 not accompanied by an adult (art. L3342-3 of the French Public Health Code).<\/p><h4><strong>I'D LIKE TO TAKE MY CHILD TO A CONCERT. IS THIS POSSIBLE? AT WHAT RATE?<\/strong><\/h4><p>Children aged three and over are allowed to attend concerts, excluding those for young audiences. Hearing protection headphones are available for parents at the box office or checkroom in each concert hall.<\/p><p>For children aged 3 to 5: admission to the concert is free on presentation of proof of identity and prior collection of a ticket from the concert hall box office.<\/p><p>For children aged 6 to 11: you can buy them a ticket at a reduced rate, on presentation of the child's ID.<\/p><p><strong>Places are subject to availability.<\/strong><\/p><h4><strong>AUTHORIZED \/ PROHIBITED<\/strong><\/h4><ul><li>Cameras and video equipment are forbidden during concerts, unless specifically accredited.<\/li><li>Can I bring my scooter in and leave it in the checkroom? Unfortunately not.<\/li><li>Other obviously forbidden items: bulky objects and any dangerous, sharp, pointed or blunt object... Glass bottles, metal cans, alcohol.<\/li><li>Pets are also prohibited, except in exceptional cases.<\/li><\/ul><h4><strong>I BOUGHT A TICKET FOR A PANDA EVENTS CONCERT, BUT I CAN'T COME ANYMORE, WHAT CAN I DO?<\/strong><\/h4><p>Concert tickets are neither exchangeable nor refundable, except in the event of cancellation or postponement of the show.<\/p><p>As tickets are not nominative, the resale of tickets purchased at the \"pre-sale\" price is tolerated. The resale price may not exceed the original purchase price (face value).\u00a0<\/p><p>We invite you to post an ad on secure resale sites<\/p><h4><strong>THE CONCERT I WANTED TO SEE IS SOLD OUT!<\/strong><\/h4><p>Unfortunately, it happens... and you may be tempted to find a second-hand space, even if it means paying a lot of money...<\/p><p>Beware of resellers! When you buy your ticket on the Internet (private sales sites, auctions, etc.), you have no guarantee of the authenticity of the ticket sold to you. Tickets come with a barcode that can easily be photocopied, so you run the risk of buying a ticket that has already been used by another spectator.<\/p><p>Please note that in the event of a show modification or cancellation, only the original buyer will be informed by email. Please make sure to find out about your event beforehand.\u00a0<\/p><h4><strong>COMPLETE? COMPLETE COMPLETE ?<\/strong><\/h4><p>Yes, unfortunately...<\/p><p>Exceptionally, a few places may go back on sale. This information is relayed primarily on social networks, so please keep a close eye on them.<\/p><p>In all cases, we do not keep a quota of tickets to sell on the evening of the event.<\/p>\t\t\t\t\t\t\t\t<\/div>\n\t\t\t\t<\/div>\n\t\t\t\t\t<\/div>\n\t\t\t\t<\/div>\n\t\t\t\t<\/div>","protected":false},"excerpt":{"rendered":"<p>FOIRE AUX QUESTIONS Que faire, o\u00f9, comment et bien plus encore. OBJETS TROUV\u00c9S Vous avez perdu un objet lors de votre venue ? Peut-\u00eatre l&rsquo;avons-nous retrouv\u00e9 !Rendez-vous sur notre formulaire de contact et d\u00e9crivez cet objet le plus pr\u00e9cis\u00e9ment possible. LE PAIEMENT EN LIGNE SUR LE SITE PANDA-EVENTS\u00a0 EST-IL S\u00c9CURIS\u00c9 ? Le paiement est s\u00e9curis\u00e9 [&hellip;]<\/p>\n","protected":false},"author":1,"featured_media":0,"parent":0,"menu_order":0,"comment_status":"closed","ping_status":"closed","template":"elementor_header_footer","meta":{"footnotes":""},"class_list":["post-2389","page","type-page","status-publish","hentry"],"yoast_head":"<!-- This site is optimized with the Yoast SEO plugin v27.1.1 - https:\/\/yoast.com\/product\/yoast-seo-wordpress\/ -->\n<title>Foire aux questions | Panda Events<\/title>\n<meta name=\"robots\" content=\"index, follow, max-snippet:-1, max-image-preview:large, max-video-preview:-1\" \/>\n<link rel=\"canonical\" href=\"https:\/\/www.panda-events.com\/en\/foire-aux-questions\/\" \/>\n<meta property=\"og:locale\" content=\"en_US\" \/>\n<meta property=\"og:type\" content=\"article\" \/>\n<meta property=\"og:title\" content=\"Foire aux questions | Panda Events\" \/>\n<meta property=\"og:description\" content=\"FOIRE AUX QUESTIONS Que faire, o\u00f9, comment et bien plus encore. OBJETS TROUV\u00c9S Vous avez perdu un objet lors de votre venue ? Peut-\u00eatre l&rsquo;avons-nous retrouv\u00e9 !Rendez-vous sur notre formulaire de contact et d\u00e9crivez cet objet le plus pr\u00e9cis\u00e9ment possible. LE PAIEMENT EN LIGNE SUR LE SITE PANDA-EVENTS\u00a0 EST-IL S\u00c9CURIS\u00c9 ? Le paiement est s\u00e9curis\u00e9 [&hellip;]\" \/>\n<meta property=\"og:url\" content=\"https:\/\/www.panda-events.com\/en\/foire-aux-questions\/\" \/>\n<meta property=\"og:site_name\" content=\"Panda Events\" \/>\n<meta property=\"article:publisher\" content=\"https:\/\/www.facebook.com\/pandaevents?locale=fr_FR\" \/>\n<meta property=\"article:modified_time\" content=\"2024-05-31T20:16:43+00:00\" \/>\n<meta name=\"twitter:card\" content=\"summary_large_image\" \/>\n<meta name=\"twitter:label1\" content=\"Est. reading time\" \/>\n\t<meta name=\"twitter:data1\" content=\"3 minutes\" \/>\n<script type=\"application\/ld+json\" class=\"yoast-schema-graph\">{\"@context\":\"https:\/\/schema.org\",\"@graph\":[{\"@type\":\"WebPage\",\"@id\":\"https:\/\/www.panda-events.com\/foire-aux-questions\/\",\"url\":\"https:\/\/www.panda-events.com\/foire-aux-questions\/\",\"name\":\"Foire aux questions | Panda Events\",\"isPartOf\":{\"@id\":\"https:\/\/www.panda-events.com\/#website\"},\"datePublished\":\"2024-05-31T20:10:40+00:00\",\"dateModified\":\"2024-05-31T20:16:43+00:00\",\"breadcrumb\":{\"@id\":\"https:\/\/www.panda-events.com\/foire-aux-questions\/#breadcrumb\"},\"inLanguage\":\"en-US\",\"potentialAction\":[{\"@type\":\"ReadAction\",\"target\":[\"https:\/\/www.panda-events.com\/foire-aux-questions\/\"]}]},{\"@type\":\"BreadcrumbList\",\"@id\":\"https:\/\/www.panda-events.com\/foire-aux-questions\/#breadcrumb\",\"itemListElement\":[{\"@type\":\"ListItem\",\"position\":1,\"name\":\"Home\",\"item\":\"https:\/\/www.panda-events.com\/\"},{\"@type\":\"ListItem\",\"position\":2,\"name\":\"Foire aux questions\"}]},{\"@type\":\"WebSite\",\"@id\":\"https:\/\/www.panda-events.com\/#website\",\"url\":\"https:\/\/www.panda-events.com\/\",\"name\":\"Panda Events\",\"description\":\"Diffuseur de musique live sur la C\u00f4te d&#039;Azur et partout ailleurs !\",\"publisher\":{\"@id\":\"https:\/\/www.panda-events.com\/#organization\"},\"potentialAction\":[{\"@type\":\"SearchAction\",\"target\":{\"@type\":\"EntryPoint\",\"urlTemplate\":\"https:\/\/www.panda-events.com\/?s={search_term_string}\"},\"query-input\":{\"@type\":\"PropertyValueSpecification\",\"valueRequired\":true,\"valueName\":\"search_term_string\"}}],\"inLanguage\":\"en-US\"},{\"@type\":\"Organization\",\"@id\":\"https:\/\/www.panda-events.com\/#organization\",\"name\":\"Panda Events\",\"url\":\"https:\/\/www.panda-events.com\/\",\"logo\":{\"@type\":\"ImageObject\",\"inLanguage\":\"en-US\",\"@id\":\"https:\/\/www.panda-events.com\/#\/schema\/logo\/image\/\",\"url\":\"https:\/\/www.panda-events.com\/wp-content\/uploads\/2021\/12\/cropped-cropped-logo-panda-events.png\",\"contentUrl\":\"https:\/\/www.panda-events.com\/wp-content\/uploads\/2021\/12\/cropped-cropped-logo-panda-events.png\",\"width\":512,\"height\":512,\"caption\":\"Panda Events\"},\"image\":{\"@id\":\"https:\/\/www.panda-events.com\/#\/schema\/logo\/image\/\"},\"sameAs\":[\"https:\/\/www.facebook.com\/pandaevents?locale=fr_FR\"]}]}<\/script>\n<!-- \/ Yoast SEO plugin. -->","yoast_head_json":{"title":"Frequently asked questions | Panda Events","robots":{"index":"index","follow":"follow","max-snippet":"max-snippet:-1","max-image-preview":"max-image-preview:large","max-video-preview":"max-video-preview:-1"},"canonical":"https:\/\/www.panda-events.com\/en\/foire-aux-questions\/","og_locale":"en_US","og_type":"article","og_title":"Foire aux questions | Panda Events","og_description":"FOIRE AUX QUESTIONS Que faire, o\u00f9, comment et bien plus encore. OBJETS TROUV\u00c9S Vous avez perdu un objet lors de votre venue ? Peut-\u00eatre l&rsquo;avons-nous retrouv\u00e9 !Rendez-vous sur notre formulaire de contact et d\u00e9crivez cet objet le plus pr\u00e9cis\u00e9ment possible. LE PAIEMENT EN LIGNE SUR LE SITE PANDA-EVENTS\u00a0 EST-IL S\u00c9CURIS\u00c9 ? Le paiement est s\u00e9curis\u00e9 [&hellip;]","og_url":"https:\/\/www.panda-events.com\/en\/foire-aux-questions\/","og_site_name":"Panda Events","article_publisher":"https:\/\/www.facebook.com\/pandaevents?locale=fr_FR","article_modified_time":"2024-05-31T20:16:43+00:00","twitter_card":"summary_large_image","twitter_misc":{"Est. reading time":"3 minutes"},"schema":{"@context":"https:\/\/schema.org","@graph":[{"@type":"WebPage","@id":"https:\/\/www.panda-events.com\/foire-aux-questions\/","url":"https:\/\/www.panda-events.com\/foire-aux-questions\/","name":"Frequently asked questions | Panda Events","isPartOf":{"@id":"https:\/\/www.panda-events.com\/#website"},"datePublished":"2024-05-31T20:10:40+00:00","dateModified":"2024-05-31T20:16:43+00:00","breadcrumb":{"@id":"https:\/\/www.panda-events.com\/foire-aux-questions\/#breadcrumb"},"inLanguage":"en-US","potentialAction":[{"@type":"ReadAction","target":["https:\/\/www.panda-events.com\/foire-aux-questions\/"]}]},{"@type":"BreadcrumbList","@id":"https:\/\/www.panda-events.com\/foire-aux-questions\/#breadcrumb","itemListElement":[{"@type":"ListItem","position":1,"name":"Home","item":"https:\/\/www.panda-events.com\/"},{"@type":"ListItem","position":2,"name":"Foire aux questions"}]},{"@type":"WebSite","@id":"https:\/\/www.panda-events.com\/#website","url":"https:\/\/www.panda-events.com\/","name":"Panda Events","description":"Live music broadcaster on the C\u00f4te d'Azur and beyond!","publisher":{"@id":"https:\/\/www.panda-events.com\/#organization"},"potentialAction":[{"@type":"SearchAction","target":{"@type":"EntryPoint","urlTemplate":"https:\/\/www.panda-events.com\/?s={search_term_string}"},"query-input":{"@type":"PropertyValueSpecification","valueRequired":true,"valueName":"search_term_string"}}],"inLanguage":"en-US"},{"@type":"Organization","@id":"https:\/\/www.panda-events.com\/#organization","name":"Panda Events","url":"https:\/\/www.panda-events.com\/","logo":{"@type":"ImageObject","inLanguage":"en-US","@id":"https:\/\/www.panda-events.com\/#\/schema\/logo\/image\/","url":"https:\/\/www.panda-events.com\/wp-content\/uploads\/2021\/12\/cropped-cropped-logo-panda-events.png","contentUrl":"https:\/\/www.panda-events.com\/wp-content\/uploads\/2021\/12\/cropped-cropped-logo-panda-events.png","width":512,"height":512,"caption":"Panda Events"},"image":{"@id":"https:\/\/www.panda-events.com\/#\/schema\/logo\/image\/"},"sameAs":["https:\/\/www.facebook.com\/pandaevents?locale=fr_FR"]}]}},"_links":{"self":[{"href":"https:\/\/www.panda-events.com\/en\/wp-json\/wp\/v2\/pages\/2389","targetHints":{"allow":["GET"]}}],"collection":[{"href":"https:\/\/www.panda-events.com\/en\/wp-json\/wp\/v2\/pages"}],"about":[{"href":"https:\/\/www.panda-events.com\/en\/wp-json\/wp\/v2\/types\/page"}],"author":[{"embeddable":true,"href":"https:\/\/www.panda-events.com\/en\/wp-json\/wp\/v2\/users\/1"}],"replies":[{"embeddable":true,"href":"https:\/\/www.panda-events.com\/en\/wp-json\/wp\/v2\/comments?post=2389"}],"version-history":[{"count":10,"href":"https:\/\/www.panda-events.com\/en\/wp-json\/wp\/v2\/pages\/2389\/revisions"}],"predecessor-version":[{"id":2399,"href":"https:\/\/www.panda-events.com\/en\/wp-json\/wp\/v2\/pages\/2389\/revisions\/2399"}],"wp:attachment":[{"href":"https:\/\/www.panda-events.com\/en\/wp-json\/wp\/v2\/media?parent=2389"}],"curies":[{"name":"wp","href":"https:\/\/api.w.org\/{rel}","templated":true}]}}