

{"id":471,"date":"2021-12-22T09:26:12","date_gmt":"2021-12-22T09:26:12","guid":{"rendered":"http:\/\/demo.themewinter.com\/wp\/exhibz\/creative-conference\/?page_id=471"},"modified":"2024-04-13T21:15:31","modified_gmt":"2024-04-13T19:15:31","slug":"contact","status":"publish","type":"page","link":"https:\/\/www.panda-events.com\/en\/contact\/","title":{"rendered":"Contact"},"content":{"rendered":"\t\t<div data-elementor-type=\"wp-page\" data-elementor-id=\"471\" class=\"elementor elementor-471\" data-elementor-post-type=\"page\">\n\t\t\t\t\t\t<section class=\"elementor-section elementor-top-section elementor-element elementor-element-bd27ca5 elementor-section-boxed elementor-section-height-default elementor-section-height-default\" data-id=\"bd27ca5\" data-element_type=\"section\" data-e-type=\"section\" data-settings=\"{&quot;background_background&quot;:&quot;classic&quot;,&quot;ekit_section_parallax_multi_items&quot;:[{&quot;_id&quot;:&quot;5fdee7d&quot;,&quot;parallax_style&quot;:&quot;onscroll&quot;,&quot;image&quot;:null,&quot;pos_x&quot;:{&quot;unit&quot;:&quot;%&quot;,&quot;size&quot;:-3,&quot;sizes&quot;:[]},&quot;shape&quot;:null,&quot;width_type&quot;:&quot;&quot;,&quot;animation&quot;:null,&quot;animation_tablet&quot;:null,&quot;animation_mobile&quot;:null,&quot;item_opacity&quot;:&quot;1&quot;,&quot;animation_speed&quot;:null,&quot;parallax_speed&quot;:null,&quot;parallax_transform&quot;:&quot;translateY&quot;,&quot;parallax_transform_value&quot;:&quot;250&quot;,&quot;smoothness&quot;:&quot;700&quot;,&quot;offsettop&quot;:&quot;0&quot;,&quot;offsetbottom&quot;:&quot;0&quot;,&quot;maxtilt&quot;:null,&quot;scale&quot;:null,&quot;disableaxis&quot;:null}],&quot;ekit_section_parallax_multi&quot;:&quot;yes&quot;,&quot;jet_parallax_layout_list&quot;:[]}\">\n\t\t\t\t\t\t<div class=\"elementor-container elementor-column-gap-default\">\n\t\t\t\t\t<div class=\"elementor-column elementor-col-100 elementor-top-column elementor-element elementor-element-00a1e9f\" data-id=\"00a1e9f\" data-element_type=\"column\" data-e-type=\"column\">\n\t\t\t<div class=\"elementor-widget-wrap elementor-element-populated\">\n\t\t\t\t\t\t<div class=\"elementor-element elementor-element-9e08fe4 elementor-widget elementor-widget-exhibz-title\" data-id=\"9e08fe4\" data-element_type=\"widget\" data-e-type=\"widget\" data-settings=\"{&quot;ekit_we_effect_on&quot;:&quot;none&quot;}\" data-widget_type=\"exhibz-title.default\">\n\t\t\t\t<div class=\"elementor-widget-container\">\n\t\t\t\t\t\n    <div class=\"title-section-area\">\n        <h2 class=\"section-title\">\n            <span class=\"sub-title\"><\/span>\n\t\t\tCONTACT        <\/h2>\n\t\t                    <span class=\"title-shape\">\n                  <svg xmlns='http:\/\/www.w3.org\/2000\/svg' xmlns:xlink='http:\/\/www.w3.org\/1999\/xlink' width='71px' height='11px'> <path fill-rule='evenodd' d='M59.669,10.710 L49.164,3.306 L39.428,10.681 L29.714,3.322 L20.006,10.682 L10.295,3.322 L1.185,10.228 L-0.010,8.578 L10.295,0.765 L20.006,8.125 L29.714,0.765 L39.428,8.125 L49.122,0.781 L59.680,8.223 L69.858,1.192 L70.982,2.895 L59.669,10.710 Z'\/><\/svg>\n            <\/span>\n                    <\/div><!-- Section title -->\n    \n    \n\n    \t\t\t\t<\/div>\n\t\t\t\t<\/div>\n\t\t\t\t<section class=\"elementor-section elementor-inner-section elementor-element elementor-element-16f6e8f elementor-section-boxed elementor-section-height-default elementor-section-height-default\" data-id=\"16f6e8f\" data-element_type=\"section\" data-e-type=\"section\" data-settings=\"{&quot;jet_parallax_layout_list&quot;:[]}\">\n\t\t\t\t\t\t<div class=\"elementor-container elementor-column-gap-default\">\n\t\t\t\t\t<div class=\"elementor-column elementor-col-33 elementor-inner-column elementor-element elementor-element-a2cc4d7\" data-id=\"a2cc4d7\" data-element_type=\"column\" data-e-type=\"column\">\n\t\t\t<div class=\"elementor-widget-wrap elementor-element-populated\">\n\t\t\t\t\t\t<div class=\"elementor-element elementor-element-981de45 elementor-widget elementor-widget-exhibz-feature\" data-id=\"981de45\" data-element_type=\"widget\" data-e-type=\"widget\" data-settings=\"{&quot;ekit_we_effect_on&quot;:&quot;none&quot;}\" data-widget_type=\"exhibz-feature.default\">\n\t\t\t\t<div class=\"elementor-widget-container\">\n\t\t\t\t\t \n    \n    \n\t\t\t<div class=\"single-intro-text single-contact-feature\">\n\t\t\t<h3 class=\"ts-title\">Billetterie<\/h3>\n\t\t\t<p>\n\t\t\t\t<strong>Email:<\/strong> billetterie@panda-events.com<\/br>\t\t\t<\/p>\n\t\t\t<span class=\"count-number fa fa-info-circle\">\n\t\t\t\t\n\t\t\t<\/span>\n\t\t<\/div>\n    \n\t\n\t \n\n    \n    \t\t\t\t<\/div>\n\t\t\t\t<\/div>\n\t\t\t\t\t<\/div>\n\t\t<\/div>\n\t\t\t\t<div class=\"elementor-column elementor-col-33 elementor-inner-column elementor-element elementor-element-728b3e9\" data-id=\"728b3e9\" data-element_type=\"column\" data-e-type=\"column\">\n\t\t\t<div class=\"elementor-widget-wrap elementor-element-populated\">\n\t\t\t\t\t\t<div class=\"elementor-element elementor-element-a2e63e9 elementor-widget elementor-widget-exhibz-feature\" data-id=\"a2e63e9\" data-element_type=\"widget\" data-e-type=\"widget\" data-settings=\"{&quot;ekit_we_effect_on&quot;:&quot;none&quot;}\" data-widget_type=\"exhibz-feature.default\">\n\t\t\t\t<div class=\"elementor-widget-container\">\n\t\t\t\t\t \n    \n    \n\t\t\t<div class=\"single-intro-text single-contact-feature\">\n\t\t\t<h3 class=\"ts-title\">Partenariat<\/h3>\n\t\t\t<p>\n\t\t\t\t<strong>Email:<\/strong> partenariat@panda-events.com<\/br>\t\t\t<\/p>\n\t\t\t<span class=\"count-number fa fa-address-book\">\n\t\t\t\t\n\t\t\t<\/span>\n\t\t<\/div>\n    \n\t\n\t \n\n    \n    \t\t\t\t<\/div>\n\t\t\t\t<\/div>\n\t\t\t\t\t<\/div>\n\t\t<\/div>\n\t\t\t\t<div class=\"elementor-column elementor-col-33 elementor-inner-column elementor-element elementor-element-0507f3a\" data-id=\"0507f3a\" data-element_type=\"column\" data-e-type=\"column\">\n\t\t\t<div class=\"elementor-widget-wrap elementor-element-populated\">\n\t\t\t\t\t\t<div class=\"elementor-element elementor-element-d271d8e elementor-widget elementor-widget-exhibz-feature\" data-id=\"d271d8e\" data-element_type=\"widget\" data-e-type=\"widget\" data-settings=\"{&quot;ekit_we_effect_on&quot;:&quot;none&quot;}\" data-widget_type=\"exhibz-feature.default\">\n\t\t\t\t<div class=\"elementor-widget-container\">\n\t\t\t\t\t \n    \n    \n\t\t\t<div class=\"single-intro-text single-contact-feature\">\n\t\t\t<h3 class=\"ts-title\">Programmation<\/h3>\n\t\t\t<p>\n\t\t\t\t<strong>Email:<\/strong> programmation@panda-events.com<\/br>\t\t\t<\/p>\n\t\t\t<span class=\"count-number fa fa-address-card\">\n\t\t\t\t\n\t\t\t<\/span>\n\t\t<\/div>\n    \n\t\n\t \n\n    \n    \t\t\t\t<\/div>\n\t\t\t\t<\/div>\n\t\t\t\t\t<\/div>\n\t\t<\/div>\n\t\t\t\t\t<\/div>\n\t\t<\/section>\n\t\t\t\t<div class=\"elementor-element elementor-element-279668b elementor-button-align-stretch elementor-widget elementor-widget-form\" data-id=\"279668b\" data-element_type=\"widget\" data-e-type=\"widget\" data-settings=\"{&quot;step_next_label&quot;:&quot;Next&quot;,&quot;step_previous_label&quot;:&quot;Previous&quot;,&quot;button_width&quot;:&quot;100&quot;,&quot;step_type&quot;:&quot;number_text&quot;,&quot;step_icon_shape&quot;:&quot;circle&quot;,&quot;ekit_we_effect_on&quot;:&quot;none&quot;}\" data-widget_type=\"form.default\">\n\t\t\t\t<div class=\"elementor-widget-container\">\n\t\t\t\t\t\t\t<form class=\"elementor-form\" method=\"post\" name=\"New Form\" aria-label=\"New Form\">\n\t\t\t<input type=\"hidden\" name=\"post_id\" value=\"471\"\/>\n\t\t\t<input type=\"hidden\" name=\"form_id\" value=\"279668b\"\/>\n\t\t\t<input type=\"hidden\" name=\"referer_title\" value=\"Contact | Panda Events\" \/>\n\n\t\t\t\t\t\t\t<input type=\"hidden\" name=\"queried_id\" value=\"471\"\/>\n\t\t\t\n\t\t\t<div class=\"elementor-form-fields-wrapper elementor-labels-above\">\n\t\t\t\t\t\t\t\t<div class=\"elementor-field-type-text elementor-field-group elementor-column elementor-field-group-name elementor-col-50 elementor-field-required elementor-mark-required\">\n\t\t\t\t\t\t\t\t\t\t\t\t\t<input size=\"1\" type=\"text\" name=\"form_fields[name]\" id=\"form-field-name\" class=\"elementor-field elementor-size-sm  elementor-field-textual\" placeholder=\"Nom\" required=\"required\">\n\t\t\t\t\t\t\t\t\t\t\t<\/div>\n\t\t\t\t\t\t\t\t<div class=\"elementor-field-type-text elementor-field-group elementor-column elementor-field-group-field_3b713f4 elementor-col-50 elementor-field-required elementor-mark-required\">\n\t\t\t\t\t\t\t\t\t\t\t\t\t<input size=\"1\" type=\"text\" name=\"form_fields[field_3b713f4]\" id=\"form-field-field_3b713f4\" class=\"elementor-field elementor-size-sm  elementor-field-textual\" placeholder=\"Pr\u00e9nom\" required=\"required\">\n\t\t\t\t\t\t\t\t\t\t\t<\/div>\n\t\t\t\t\t\t\t\t<div class=\"elementor-field-type-text elementor-field-group elementor-column elementor-field-group-field_97325b7 elementor-col-50 elementor-field-required elementor-mark-required\">\n\t\t\t\t\t\t\t\t\t\t\t\t\t<input size=\"1\" type=\"text\" name=\"form_fields[field_97325b7]\" id=\"form-field-field_97325b7\" class=\"elementor-field elementor-size-sm  elementor-field-textual\" placeholder=\"Organisme\" required=\"required\">\n\t\t\t\t\t\t\t\t\t\t\t<\/div>\n\t\t\t\t\t\t\t\t<div class=\"elementor-field-type-text elementor-field-group elementor-column elementor-field-group-field_f8dd12a elementor-col-50\">\n\t\t\t\t\t\t\t\t\t\t\t\t\t<input size=\"1\" type=\"text\" name=\"form_fields[field_f8dd12a]\" id=\"form-field-field_f8dd12a\" class=\"elementor-field elementor-size-sm  elementor-field-textual\" placeholder=\"Fonction\">\n\t\t\t\t\t\t\t\t\t\t\t<\/div>\n\t\t\t\t\t\t\t\t<div class=\"elementor-field-type-email elementor-field-group elementor-column elementor-field-group-email elementor-col-50 elementor-field-required elementor-mark-required\">\n\t\t\t\t\t\t\t\t\t\t\t\t\t<input size=\"1\" type=\"email\" name=\"form_fields[email]\" id=\"form-field-email\" class=\"elementor-field elementor-size-sm  elementor-field-textual\" placeholder=\"Email\" required=\"required\">\n\t\t\t\t\t\t\t\t\t\t\t<\/div>\n\t\t\t\t\t\t\t\t<div class=\"elementor-field-type-email elementor-field-group elementor-column elementor-field-group-field_dcfe9b6 elementor-col-50 elementor-field-required elementor-mark-required\">\n\t\t\t\t\t\t\t\t\t\t\t\t\t<input size=\"1\" type=\"email\" name=\"form_fields[field_dcfe9b6]\" id=\"form-field-field_dcfe9b6\" class=\"elementor-field elementor-size-sm  elementor-field-textual\" placeholder=\"T\u00e9l\u00e9phone\" required=\"required\">\n\t\t\t\t\t\t\t\t\t\t\t<\/div>\n\t\t\t\t\t\t\t\t<div class=\"elementor-field-type-textarea elementor-field-group elementor-column elementor-field-group-message elementor-col-100 elementor-field-required elementor-mark-required\">\n\t\t\t\t\t<textarea class=\"elementor-field-textual elementor-field  elementor-size-sm\" name=\"form_fields[message]\" id=\"form-field-message\" rows=\"4\" placeholder=\"Message\" required=\"required\"><\/textarea>\t\t\t\t<\/div>\n\t\t\t\t\t\t\t\t<div class=\"elementor-field-type-text\">\n\t\t\t\t\t<input size=\"1\" type=\"text\" name=\"form_fields[field_b328172]\" id=\"form-field-field_b328172\" class=\"elementor-field elementor-size-sm \" style=\"display:none !important;\">\t\t\t\t<\/div>\n\t\t\t\t\t\t\t\t<div class=\"elementor-field-type-acceptance elementor-field-group elementor-column elementor-field-group-field_a993371 elementor-col-100\">\n\t\t\t\t\t\t\t<div class=\"elementor-field-subgroup\">\n\t\t\t<span class=\"elementor-field-option\">\n\t\t\t\t<input type=\"checkbox\" name=\"form_fields[field_a993371]\" id=\"form-field-field_a993371\" class=\"elementor-field elementor-size-sm  elementor-acceptance-field\">\n\t\t\t\t<label for=\"form-field-field_a993371\">Je souhaite recevoir la newsletter de Panda Events<\/label>\t\t\t<\/span>\n\t\t<\/div>\n\t\t\t\t\t\t<\/div>\n\t\t\t\t\t\t\t\t<div class=\"elementor-field-type-recaptcha_v3 elementor-field-group elementor-column elementor-field-group-field_09f22c9 elementor-col-100 recaptcha_v3-bottomright\">\n\t\t\t\t\t<div class=\"elementor-field\" id=\"form-field-field_09f22c9\"><div class=\"elementor-g-recaptcha\" data-sitekey=\"6Lf_ynsoAAAAAECwElMAmxiRX-ZhoGMsI_Mm_Ols\" data-type=\"v3\" data-action=\"Form\" data-badge=\"bottomright\" data-size=\"invisible\"><\/div><\/div>\t\t\t\t<\/div>\n\t\t\t\t\t\t\t\t<div class=\"elementor-field-group elementor-column elementor-field-type-submit elementor-col-100 e-form__buttons\">\n\t\t\t\t\t<button class=\"elementor-button elementor-size-sm\" type=\"submit\">\n\t\t\t\t\t\t<span class=\"elementor-button-content-wrapper\">\n\t\t\t\t\t\t\t\t\t\t\t\t\t\t\t\t\t\t\t\t\t\t<span class=\"elementor-button-text\">Envoyer<\/span>\n\t\t\t\t\t\t\t\t\t\t\t\t\t<\/span>\n\t\t\t\t\t<\/button>\n\t\t\t\t<\/div>\n\t\t\t<\/div>\n\t\t<\/form>\n\t\t\t\t\t\t<\/div>\n\t\t\t\t<\/div>\n\t\t\t\t<div class=\"elementor-element elementor-element-f06850b elementor-widget elementor-widget-text-editor\" data-id=\"f06850b\" data-element_type=\"widget\" data-e-type=\"widget\" data-settings=\"{&quot;ekit_we_effect_on&quot;:&quot;none&quot;}\" data-widget_type=\"text-editor.default\">\n\t\t\t\t<div class=\"elementor-widget-container\">\n\t\t\t\t\t\t\t\t\t<p>En cliquant sur \u00ab\u00a0Envoyer\u00a0\u00bb, vous acceptez de fournir les informations permettant qu&rsquo;une r\u00e9ponse vous soit d\u00e9livr\u00e9e et que votre demande soit trait\u00e9e.<\/p><p>En indiquant votre adresse email, vous consentez \u00e0 recevoir notre lettre d&rsquo;information par voie \u00e9lectronique. Vous pouvez vous d\u00e9sinscrire \u00e0 tout moment via les liens de d\u00e9sinscription ou en nous contactant.<\/p>\t\t\t\t\t\t\t\t<\/div>\n\t\t\t\t<\/div>\n\t\t\t\t\t<\/div>\n\t\t<\/div>\n\t\t\t\t\t<\/div>\n\t\t<\/section>\n\t\t\t\t<section class=\"elementor-section elementor-top-section elementor-element elementor-element-8f08c2c elementor-section-full_width elementor-section-height-default elementor-section-height-default\" data-id=\"8f08c2c\" data-element_type=\"section\" data-e-type=\"section\" data-settings=\"{&quot;jet_parallax_layout_list&quot;:[]}\">\n\t\t\t\t\t\t<div class=\"elementor-container elementor-column-gap-no\">\n\t\t\t\t\t<div class=\"elementor-column elementor-col-100 elementor-top-column elementor-element elementor-element-b5a1ec0\" data-id=\"b5a1ec0\" data-element_type=\"column\" data-e-type=\"column\">\n\t\t\t<div class=\"elementor-widget-wrap elementor-element-populated\">\n\t\t\t\t\t\t<div class=\"elementor-element elementor-element-d1adf9d elementor-widget elementor-widget-google_maps\" data-id=\"d1adf9d\" data-element_type=\"widget\" data-e-type=\"widget\" data-settings=\"{&quot;ekit_we_effect_on&quot;:&quot;none&quot;}\" data-widget_type=\"google_maps.default\">\n\t\t\t\t<div class=\"elementor-widget-container\">\n\t\t\t\t\t\t\t<div class=\"elementor-custom-embed\">\n\t\t\t<iframe loading=\"lazy\"\n\t\t\t\t\tsrc=\"https:\/\/maps.google.com\/maps?q=109%20route%20de%20turin&#038;t=m&#038;z=16&#038;output=embed&#038;iwloc=near\"\n\t\t\t\t\ttitle=\"109 route de turin\"\n\t\t\t\t\taria-label=\"109 route de turin\"\n\t\t\t><\/iframe>\n\t\t<\/div>\n\t\t\t\t\t\t<\/div>\n\t\t\t\t<\/div>\n\t\t\t\t\t<\/div>\n\t\t<\/div>\n\t\t\t\t\t<\/div>\n\t\t<\/section>\n\t\t\t\t<\/div>\n\t\t","protected":false},"excerpt":{"rendered":"<p>CONTACT Billetterie Email: billetterie@panda-events.com Partenariat Email: partenariat@panda-events.com Programmation Email: programmation@panda-events.com En cliquant sur \u00ab\u00a0Envoyer\u00a0\u00bb, vous acceptez de fournir les informations permettant qu&rsquo;une r\u00e9ponse vous soit d\u00e9livr\u00e9e et que votre demande soit trait\u00e9e. En indiquant votre adresse email, vous consentez \u00e0 recevoir notre lettre d&rsquo;information par voie \u00e9lectronique. Vous pouvez vous d\u00e9sinscrire \u00e0 tout moment via [&hellip;]<\/p>\n","protected":false},"author":1,"featured_media":0,"parent":0,"menu_order":0,"comment_status":"closed","ping_status":"closed","template":"elementor_header_footer","meta":{"footnotes":""},"class_list":["post-471","page","type-page","status-publish","hentry"],"yoast_head":"<!-- This site is optimized with the Yoast SEO plugin v27.1.1 - https:\/\/yoast.com\/product\/yoast-seo-wordpress\/ -->\n<title>Contact | Panda Events<\/title>\n<meta name=\"robots\" content=\"index, follow, max-snippet:-1, max-image-preview:large, max-video-preview:-1\" \/>\n<link rel=\"canonical\" href=\"https:\/\/www.panda-events.com\/en\/contact\/\" \/>\n<meta property=\"og:locale\" content=\"en_US\" \/>\n<meta property=\"og:type\" content=\"article\" \/>\n<meta property=\"og:title\" content=\"Contact | Panda Events\" \/>\n<meta property=\"og:description\" content=\"CONTACT Billetterie Email: billetterie@panda-events.com Partenariat Email: partenariat@panda-events.com Programmation Email: programmation@panda-events.com En cliquant sur \u00ab\u00a0Envoyer\u00a0\u00bb, vous acceptez de fournir les informations permettant qu&rsquo;une r\u00e9ponse vous soit d\u00e9livr\u00e9e et que votre demande soit trait\u00e9e. En indiquant votre adresse email, vous consentez \u00e0 recevoir notre lettre d&rsquo;information par voie \u00e9lectronique. Vous pouvez vous d\u00e9sinscrire \u00e0 tout moment via [&hellip;]\" \/>\n<meta property=\"og:url\" content=\"https:\/\/www.panda-events.com\/en\/contact\/\" \/>\n<meta property=\"og:site_name\" content=\"Panda Events\" \/>\n<meta property=\"article:publisher\" content=\"https:\/\/www.facebook.com\/pandaevents?locale=fr_FR\" \/>\n<meta property=\"article:modified_time\" content=\"2024-04-13T19:15:31+00:00\" \/>\n<meta name=\"twitter:card\" content=\"summary_large_image\" \/>\n<meta name=\"twitter:label1\" content=\"Est. reading time\" \/>\n\t<meta name=\"twitter:data1\" content=\"1 minute\" \/>\n<script type=\"application\/ld+json\" class=\"yoast-schema-graph\">{\"@context\":\"https:\/\/schema.org\",\"@graph\":[{\"@type\":\"WebPage\",\"@id\":\"https:\/\/www.panda-events.com\/contact\/\",\"url\":\"https:\/\/www.panda-events.com\/contact\/\",\"name\":\"Contact | Panda Events\",\"isPartOf\":{\"@id\":\"https:\/\/www.panda-events.com\/#website\"},\"datePublished\":\"2021-12-22T09:26:12+00:00\",\"dateModified\":\"2024-04-13T19:15:31+00:00\",\"breadcrumb\":{\"@id\":\"https:\/\/www.panda-events.com\/contact\/#breadcrumb\"},\"inLanguage\":\"en-US\",\"potentialAction\":[{\"@type\":\"ReadAction\",\"target\":[\"https:\/\/www.panda-events.com\/contact\/\"]}]},{\"@type\":\"BreadcrumbList\",\"@id\":\"https:\/\/www.panda-events.com\/contact\/#breadcrumb\",\"itemListElement\":[{\"@type\":\"ListItem\",\"position\":1,\"name\":\"Home\",\"item\":\"https:\/\/www.panda-events.com\/\"},{\"@type\":\"ListItem\",\"position\":2,\"name\":\"Contact\"}]},{\"@type\":\"WebSite\",\"@id\":\"https:\/\/www.panda-events.com\/#website\",\"url\":\"https:\/\/www.panda-events.com\/\",\"name\":\"Panda Events\",\"description\":\"Diffuseur de musique live sur la C\u00f4te d&#039;Azur et partout ailleurs !\",\"publisher\":{\"@id\":\"https:\/\/www.panda-events.com\/#organization\"},\"potentialAction\":[{\"@type\":\"SearchAction\",\"target\":{\"@type\":\"EntryPoint\",\"urlTemplate\":\"https:\/\/www.panda-events.com\/?s={search_term_string}\"},\"query-input\":{\"@type\":\"PropertyValueSpecification\",\"valueRequired\":true,\"valueName\":\"search_term_string\"}}],\"inLanguage\":\"en-US\"},{\"@type\":\"Organization\",\"@id\":\"https:\/\/www.panda-events.com\/#organization\",\"name\":\"Panda Events\",\"url\":\"https:\/\/www.panda-events.com\/\",\"logo\":{\"@type\":\"ImageObject\",\"inLanguage\":\"en-US\",\"@id\":\"https:\/\/www.panda-events.com\/#\/schema\/logo\/image\/\",\"url\":\"https:\/\/www.panda-events.com\/wp-content\/uploads\/2021\/12\/cropped-cropped-logo-panda-events.png\",\"contentUrl\":\"https:\/\/www.panda-events.com\/wp-content\/uploads\/2021\/12\/cropped-cropped-logo-panda-events.png\",\"width\":512,\"height\":512,\"caption\":\"Panda Events\"},\"image\":{\"@id\":\"https:\/\/www.panda-events.com\/#\/schema\/logo\/image\/\"},\"sameAs\":[\"https:\/\/www.facebook.com\/pandaevents?locale=fr_FR\"]}]}<\/script>\n<!-- \/ Yoast SEO plugin. -->","yoast_head_json":{"title":"Contact | Panda Events","robots":{"index":"index","follow":"follow","max-snippet":"max-snippet:-1","max-image-preview":"max-image-preview:large","max-video-preview":"max-video-preview:-1"},"canonical":"https:\/\/www.panda-events.com\/en\/contact\/","og_locale":"en_US","og_type":"article","og_title":"Contact | Panda Events","og_description":"CONTACT Billetterie Email: billetterie@panda-events.com Partenariat Email: partenariat@panda-events.com Programmation Email: programmation@panda-events.com En cliquant sur \u00ab\u00a0Envoyer\u00a0\u00bb, vous acceptez de fournir les informations permettant qu&rsquo;une r\u00e9ponse vous soit d\u00e9livr\u00e9e et que votre demande soit trait\u00e9e. En indiquant votre adresse email, vous consentez \u00e0 recevoir notre lettre d&rsquo;information par voie \u00e9lectronique. Vous pouvez vous d\u00e9sinscrire \u00e0 tout moment via [&hellip;]","og_url":"https:\/\/www.panda-events.com\/en\/contact\/","og_site_name":"Panda Events","article_publisher":"https:\/\/www.facebook.com\/pandaevents?locale=fr_FR","article_modified_time":"2024-04-13T19:15:31+00:00","twitter_card":"summary_large_image","twitter_misc":{"Est. reading time":"1 minute"},"schema":{"@context":"https:\/\/schema.org","@graph":[{"@type":"WebPage","@id":"https:\/\/www.panda-events.com\/contact\/","url":"https:\/\/www.panda-events.com\/contact\/","name":"Contact | Panda Events","isPartOf":{"@id":"https:\/\/www.panda-events.com\/#website"},"datePublished":"2021-12-22T09:26:12+00:00","dateModified":"2024-04-13T19:15:31+00:00","breadcrumb":{"@id":"https:\/\/www.panda-events.com\/contact\/#breadcrumb"},"inLanguage":"en-US","potentialAction":[{"@type":"ReadAction","target":["https:\/\/www.panda-events.com\/contact\/"]}]},{"@type":"BreadcrumbList","@id":"https:\/\/www.panda-events.com\/contact\/#breadcrumb","itemListElement":[{"@type":"ListItem","position":1,"name":"Home","item":"https:\/\/www.panda-events.com\/"},{"@type":"ListItem","position":2,"name":"Contact"}]},{"@type":"WebSite","@id":"https:\/\/www.panda-events.com\/#website","url":"https:\/\/www.panda-events.com\/","name":"Panda Events","description":"Live music broadcaster on the C\u00f4te d'Azur and beyond!","publisher":{"@id":"https:\/\/www.panda-events.com\/#organization"},"potentialAction":[{"@type":"SearchAction","target":{"@type":"EntryPoint","urlTemplate":"https:\/\/www.panda-events.com\/?s={search_term_string}"},"query-input":{"@type":"PropertyValueSpecification","valueRequired":true,"valueName":"search_term_string"}}],"inLanguage":"en-US"},{"@type":"Organization","@id":"https:\/\/www.panda-events.com\/#organization","name":"Panda Events","url":"https:\/\/www.panda-events.com\/","logo":{"@type":"ImageObject","inLanguage":"en-US","@id":"https:\/\/www.panda-events.com\/#\/schema\/logo\/image\/","url":"https:\/\/www.panda-events.com\/wp-content\/uploads\/2021\/12\/cropped-cropped-logo-panda-events.png","contentUrl":"https:\/\/www.panda-events.com\/wp-content\/uploads\/2021\/12\/cropped-cropped-logo-panda-events.png","width":512,"height":512,"caption":"Panda Events"},"image":{"@id":"https:\/\/www.panda-events.com\/#\/schema\/logo\/image\/"},"sameAs":["https:\/\/www.facebook.com\/pandaevents?locale=fr_FR"]}]}},"_links":{"self":[{"href":"https:\/\/www.panda-events.com\/en\/wp-json\/wp\/v2\/pages\/471","targetHints":{"allow":["GET"]}}],"collection":[{"href":"https:\/\/www.panda-events.com\/en\/wp-json\/wp\/v2\/pages"}],"about":[{"href":"https:\/\/www.panda-events.com\/en\/wp-json\/wp\/v2\/types\/page"}],"author":[{"embeddable":true,"href":"https:\/\/www.panda-events.com\/en\/wp-json\/wp\/v2\/users\/1"}],"replies":[{"embeddable":true,"href":"https:\/\/www.panda-events.com\/en\/wp-json\/wp\/v2\/comments?post=471"}],"version-history":[{"count":27,"href":"https:\/\/www.panda-events.com\/en\/wp-json\/wp\/v2\/pages\/471\/revisions"}],"predecessor-version":[{"id":2299,"href":"https:\/\/www.panda-events.com\/en\/wp-json\/wp\/v2\/pages\/471\/revisions\/2299"}],"wp:attachment":[{"href":"https:\/\/www.panda-events.com\/en\/wp-json\/wp\/v2\/media?parent=471"}],"curies":[{"name":"wp","href":"https:\/\/api.w.org\/{rel}","templated":true}]}}