

{"id":1722,"date":"2023-11-13T16:14:05","date_gmt":"2023-11-13T15:14:05","guid":{"rendered":"https:\/\/www.panda-events.com\/?page_id=1722"},"modified":"2023-12-01T20:54:07","modified_gmt":"2023-12-01T19:54:07","slug":"administration","status":"publish","type":"page","link":"https:\/\/www.panda-events.com\/it\/administration\/","title":{"rendered":"Amministrazione"},"content":{"rendered":"\t\t<div data-elementor-type=\"wp-page\" data-elementor-id=\"1722\" class=\"elementor elementor-1722\" data-elementor-post-type=\"page\">\n\t\t\t\t<div class=\"elementor-element elementor-element-83adfa5 e-flex e-con-boxed e-con e-parent\" data-id=\"83adfa5\" data-element_type=\"container\" data-e-type=\"container\" data-settings=\"{&quot;jet_parallax_layout_list&quot;:[{&quot;_id&quot;:&quot;6da236f&quot;,&quot;jet_parallax_layout_image&quot;:{&quot;url&quot;:&quot;https:\\\/\\\/www.panda-events.com\\\/wp-content\\\/uploads\\\/2023\\\/11\\\/hero_area_shape_1.png&quot;,&quot;id&quot;:541,&quot;size&quot;:&quot;&quot;,&quot;alt&quot;:&quot;&quot;,&quot;source&quot;:&quot;library&quot;},&quot;jet_parallax_layout_bg_x&quot;:1,&quot;jet_parallax_layout_bg_y&quot;:1,&quot;jet_parallax_layout_image_tablet&quot;:{&quot;url&quot;:&quot;&quot;,&quot;id&quot;:&quot;&quot;,&quot;size&quot;:&quot;&quot;},&quot;jet_parallax_layout_image_mobile&quot;:{&quot;url&quot;:&quot;&quot;,&quot;id&quot;:&quot;&quot;,&quot;size&quot;:&quot;&quot;},&quot;jet_parallax_layout_speed&quot;:{&quot;unit&quot;:&quot;%&quot;,&quot;size&quot;:50,&quot;sizes&quot;:[]},&quot;jet_parallax_layout_type&quot;:&quot;scroll&quot;,&quot;jet_parallax_layout_direction&quot;:&quot;1&quot;,&quot;jet_parallax_layout_fx_direction&quot;:null,&quot;jet_parallax_layout_z_index&quot;:&quot;&quot;,&quot;jet_parallax_layout_bg_x_tablet&quot;:&quot;&quot;,&quot;jet_parallax_layout_bg_x_mobile&quot;:&quot;&quot;,&quot;jet_parallax_layout_bg_y_tablet&quot;:&quot;&quot;,&quot;jet_parallax_layout_bg_y_mobile&quot;:&quot;&quot;,&quot;jet_parallax_layout_bg_size&quot;:&quot;auto&quot;,&quot;jet_parallax_layout_bg_size_tablet&quot;:&quot;&quot;,&quot;jet_parallax_layout_bg_size_mobile&quot;:&quot;&quot;,&quot;jet_parallax_layout_animation_prop&quot;:&quot;transform&quot;,&quot;jet_parallax_layout_on&quot;:[&quot;desktop&quot;,&quot;tablet&quot;]},{&quot;_id&quot;:&quot;4cc530b&quot;,&quot;jet_parallax_layout_image&quot;:{&quot;url&quot;:&quot;https:\\\/\\\/www.panda-events.com\\\/wp-content\\\/uploads\\\/2023\\\/11\\\/hero_area_shape_6.png&quot;,&quot;id&quot;:549,&quot;size&quot;:&quot;&quot;,&quot;alt&quot;:&quot;&quot;,&quot;source&quot;:&quot;library&quot;},&quot;jet_parallax_layout_bg_x&quot;:100,&quot;jet_parallax_layout_bg_y&quot;:9,&quot;jet_parallax_layout_image_tablet&quot;:{&quot;url&quot;:&quot;&quot;,&quot;id&quot;:&quot;&quot;,&quot;size&quot;:&quot;&quot;},&quot;jet_parallax_layout_image_mobile&quot;:{&quot;url&quot;:&quot;&quot;,&quot;id&quot;:&quot;&quot;,&quot;size&quot;:&quot;&quot;},&quot;jet_parallax_layout_speed&quot;:{&quot;unit&quot;:&quot;%&quot;,&quot;size&quot;:50,&quot;sizes&quot;:[]},&quot;jet_parallax_layout_type&quot;:&quot;scroll&quot;,&quot;jet_parallax_layout_direction&quot;:&quot;1&quot;,&quot;jet_parallax_layout_fx_direction&quot;:null,&quot;jet_parallax_layout_z_index&quot;:&quot;&quot;,&quot;jet_parallax_layout_bg_x_tablet&quot;:&quot;&quot;,&quot;jet_parallax_layout_bg_x_mobile&quot;:&quot;&quot;,&quot;jet_parallax_layout_bg_y_tablet&quot;:&quot;&quot;,&quot;jet_parallax_layout_bg_y_mobile&quot;:&quot;&quot;,&quot;jet_parallax_layout_bg_size&quot;:&quot;auto&quot;,&quot;jet_parallax_layout_bg_size_tablet&quot;:&quot;&quot;,&quot;jet_parallax_layout_bg_size_mobile&quot;:&quot;&quot;,&quot;jet_parallax_layout_animation_prop&quot;:&quot;transform&quot;,&quot;jet_parallax_layout_on&quot;:[&quot;desktop&quot;,&quot;tablet&quot;]}]}\">\n\t\t\t\t\t<div class=\"e-con-inner\">\n\t\t\t\t<div class=\"elementor-element elementor-element-bc2a4e7 elementor-widget elementor-widget-exhibz-title\" data-id=\"bc2a4e7\" data-element_type=\"widget\" data-e-type=\"widget\" data-settings=\"{&quot;ekit_we_effect_on&quot;:&quot;none&quot;}\" data-widget_type=\"exhibz-title.default\">\n\t\t\t\t<div class=\"elementor-widget-container\">\n\t\t\t\t\t\n    <div class=\"title-section-area\">\n        <h2 class=\"section-title\">\n            <span class=\"sub-title\"><\/span>\n\t\t\tADMIN        <\/h2>\n\t\t\t\t\t<div class=\"title-desc\"><p>Espace de gestion des \u00e9v\u00e9nements, artistes et bien plus encore.<\/p><p>Vous devez \u00eatre connect\u00e9 pour acc\u00e9der au contenu de cette page<\/p><\/div>\n\t\t                    <span class=\"title-shape\">\n                  <svg xmlns='http:\/\/www.w3.org\/2000\/svg' xmlns:xlink='http:\/\/www.w3.org\/1999\/xlink' width='71px' height='11px'> <path fill-rule='evenodd' d='M59.669,10.710 L49.164,3.306 L39.428,10.681 L29.714,3.322 L20.006,10.682 L10.295,3.322 L1.185,10.228 L-0.010,8.578 L10.295,0.765 L20.006,8.125 L29.714,0.765 L39.428,8.125 L49.122,0.781 L59.680,8.223 L69.858,1.192 L70.982,2.895 L59.669,10.710 Z'\/><\/svg>\n            <\/span>\n                    <\/div><!-- Section title -->\n    \n    \n\n    \t\t\t\t<\/div>\n\t\t\t\t<\/div>\n\t\t\t\t\t<\/div>\n\t\t\t\t<\/div>\n\t\t<!-- dce invisible element 2cf8626 --><!-- dce invisible element d8e8107 -->\t\t<\/div>\n\t\t","protected":false},"excerpt":{"rendered":"<p>ADMIN Espace de gestion des \u00e9v\u00e9nements, artistes et bien plus encore. Vous devez \u00eatre connect\u00e9 pour acc\u00e9der au contenu de cette page AJOUTER UN EVENT Cliquer ici pour ajouter un \u00e9v\u00e9nement sur notre site internet AJOUTER UN ARTISTE Cliquer ici pour ajouter un artiste sur notre site internet POINTAGE Cliquer ici pour voir les pointages [&hellip;]<\/p>\n","protected":false},"author":1,"featured_media":0,"parent":0,"menu_order":0,"comment_status":"closed","ping_status":"closed","template":"elementor_header_footer","meta":{"footnotes":""},"class_list":["post-1722","page","type-page","status-publish","hentry"],"yoast_head":"<!-- This site is optimized with the Yoast SEO plugin v27.1.1 - https:\/\/yoast.com\/product\/yoast-seo-wordpress\/ -->\n<title>Administration | Panda Events<\/title>\n<meta name=\"robots\" content=\"index, follow, max-snippet:-1, max-image-preview:large, max-video-preview:-1\" \/>\n<link rel=\"canonical\" href=\"https:\/\/www.panda-events.com\/it\/administration\/\" \/>\n<meta property=\"og:locale\" content=\"it_IT\" \/>\n<meta property=\"og:type\" content=\"article\" \/>\n<meta property=\"og:title\" content=\"Administration | Panda Events\" \/>\n<meta property=\"og:description\" content=\"ADMIN Espace de gestion des \u00e9v\u00e9nements, artistes et bien plus encore. Vous devez \u00eatre connect\u00e9 pour acc\u00e9der au contenu de cette page AJOUTER UN EVENT Cliquer ici pour ajouter un \u00e9v\u00e9nement sur notre site internet AJOUTER UN ARTISTE Cliquer ici pour ajouter un artiste sur notre site internet POINTAGE Cliquer ici pour voir les pointages [&hellip;]\" \/>\n<meta property=\"og:url\" content=\"https:\/\/www.panda-events.com\/it\/administration\/\" \/>\n<meta property=\"og:site_name\" content=\"Panda Events\" \/>\n<meta property=\"article:publisher\" content=\"https:\/\/www.facebook.com\/pandaevents?locale=fr_FR\" \/>\n<meta property=\"article:modified_time\" content=\"2023-12-01T19:54:07+00:00\" \/>\n<meta name=\"twitter:card\" content=\"summary_large_image\" \/>\n<meta name=\"twitter:label1\" content=\"Tempo di lettura stimato\" \/>\n\t<meta name=\"twitter:data1\" content=\"1 minuto\" \/>\n<script type=\"application\/ld+json\" class=\"yoast-schema-graph\">{\"@context\":\"https:\/\/schema.org\",\"@graph\":[{\"@type\":\"WebPage\",\"@id\":\"https:\/\/www.panda-events.com\/administration\/\",\"url\":\"https:\/\/www.panda-events.com\/administration\/\",\"name\":\"Administration | Panda Events\",\"isPartOf\":{\"@id\":\"https:\/\/www.panda-events.com\/#website\"},\"datePublished\":\"2023-11-13T15:14:05+00:00\",\"dateModified\":\"2023-12-01T19:54:07+00:00\",\"breadcrumb\":{\"@id\":\"https:\/\/www.panda-events.com\/administration\/#breadcrumb\"},\"inLanguage\":\"it-IT\",\"potentialAction\":[{\"@type\":\"ReadAction\",\"target\":[\"https:\/\/www.panda-events.com\/administration\/\"]}]},{\"@type\":\"BreadcrumbList\",\"@id\":\"https:\/\/www.panda-events.com\/administration\/#breadcrumb\",\"itemListElement\":[{\"@type\":\"ListItem\",\"position\":1,\"name\":\"Home\",\"item\":\"https:\/\/www.panda-events.com\/\"},{\"@type\":\"ListItem\",\"position\":2,\"name\":\"Administration\"}]},{\"@type\":\"WebSite\",\"@id\":\"https:\/\/www.panda-events.com\/#website\",\"url\":\"https:\/\/www.panda-events.com\/\",\"name\":\"Panda Events\",\"description\":\"Diffuseur de musique live sur la C\u00f4te d&#039;Azur et partout ailleurs !\",\"publisher\":{\"@id\":\"https:\/\/www.panda-events.com\/#organization\"},\"potentialAction\":[{\"@type\":\"SearchAction\",\"target\":{\"@type\":\"EntryPoint\",\"urlTemplate\":\"https:\/\/www.panda-events.com\/?s={search_term_string}\"},\"query-input\":{\"@type\":\"PropertyValueSpecification\",\"valueRequired\":true,\"valueName\":\"search_term_string\"}}],\"inLanguage\":\"it-IT\"},{\"@type\":\"Organization\",\"@id\":\"https:\/\/www.panda-events.com\/#organization\",\"name\":\"Panda Events\",\"url\":\"https:\/\/www.panda-events.com\/\",\"logo\":{\"@type\":\"ImageObject\",\"inLanguage\":\"it-IT\",\"@id\":\"https:\/\/www.panda-events.com\/#\/schema\/logo\/image\/\",\"url\":\"https:\/\/www.panda-events.com\/wp-content\/uploads\/2021\/12\/cropped-cropped-logo-panda-events.png\",\"contentUrl\":\"https:\/\/www.panda-events.com\/wp-content\/uploads\/2021\/12\/cropped-cropped-logo-panda-events.png\",\"width\":512,\"height\":512,\"caption\":\"Panda Events\"},\"image\":{\"@id\":\"https:\/\/www.panda-events.com\/#\/schema\/logo\/image\/\"},\"sameAs\":[\"https:\/\/www.facebook.com\/pandaevents?locale=fr_FR\"]}]}<\/script>\n<!-- \/ Yoast SEO plugin. -->","yoast_head_json":{"title":"Amministrazione | Eventi Panda","robots":{"index":"index","follow":"follow","max-snippet":"max-snippet:-1","max-image-preview":"max-image-preview:large","max-video-preview":"max-video-preview:-1"},"canonical":"https:\/\/www.panda-events.com\/it\/administration\/","og_locale":"it_IT","og_type":"article","og_title":"Administration | Panda Events","og_description":"ADMIN Espace de gestion des \u00e9v\u00e9nements, artistes et bien plus encore. Vous devez \u00eatre connect\u00e9 pour acc\u00e9der au contenu de cette page AJOUTER UN EVENT Cliquer ici pour ajouter un \u00e9v\u00e9nement sur notre site internet AJOUTER UN ARTISTE Cliquer ici pour ajouter un artiste sur notre site internet POINTAGE Cliquer ici pour voir les pointages [&hellip;]","og_url":"https:\/\/www.panda-events.com\/it\/administration\/","og_site_name":"Panda Events","article_publisher":"https:\/\/www.facebook.com\/pandaevents?locale=fr_FR","article_modified_time":"2023-12-01T19:54:07+00:00","twitter_card":"summary_large_image","twitter_misc":{"Tempo di lettura stimato":"1 minuto"},"schema":{"@context":"https:\/\/schema.org","@graph":[{"@type":"WebPage","@id":"https:\/\/www.panda-events.com\/administration\/","url":"https:\/\/www.panda-events.com\/administration\/","name":"Amministrazione | Eventi Panda","isPartOf":{"@id":"https:\/\/www.panda-events.com\/#website"},"datePublished":"2023-11-13T15:14:05+00:00","dateModified":"2023-12-01T19:54:07+00:00","breadcrumb":{"@id":"https:\/\/www.panda-events.com\/administration\/#breadcrumb"},"inLanguage":"it-IT","potentialAction":[{"@type":"ReadAction","target":["https:\/\/www.panda-events.com\/administration\/"]}]},{"@type":"BreadcrumbList","@id":"https:\/\/www.panda-events.com\/administration\/#breadcrumb","itemListElement":[{"@type":"ListItem","position":1,"name":"Home","item":"https:\/\/www.panda-events.com\/"},{"@type":"ListItem","position":2,"name":"Administration"}]},{"@type":"WebSite","@id":"https:\/\/www.panda-events.com\/#website","url":"https:\/\/www.panda-events.com\/","name":"Eventi Panda","description":"Emittente di musica dal vivo in Costa Azzurra e non solo!","publisher":{"@id":"https:\/\/www.panda-events.com\/#organization"},"potentialAction":[{"@type":"SearchAction","target":{"@type":"EntryPoint","urlTemplate":"https:\/\/www.panda-events.com\/?s={search_term_string}"},"query-input":{"@type":"PropertyValueSpecification","valueRequired":true,"valueName":"search_term_string"}}],"inLanguage":"it-IT"},{"@type":"Organization","@id":"https:\/\/www.panda-events.com\/#organization","name":"Eventi Panda","url":"https:\/\/www.panda-events.com\/","logo":{"@type":"ImageObject","inLanguage":"it-IT","@id":"https:\/\/www.panda-events.com\/#\/schema\/logo\/image\/","url":"https:\/\/www.panda-events.com\/wp-content\/uploads\/2021\/12\/cropped-cropped-logo-panda-events.png","contentUrl":"https:\/\/www.panda-events.com\/wp-content\/uploads\/2021\/12\/cropped-cropped-logo-panda-events.png","width":512,"height":512,"caption":"Panda Events"},"image":{"@id":"https:\/\/www.panda-events.com\/#\/schema\/logo\/image\/"},"sameAs":["https:\/\/www.facebook.com\/pandaevents?locale=fr_FR"]}]}},"_links":{"self":[{"href":"https:\/\/www.panda-events.com\/it\/wp-json\/wp\/v2\/pages\/1722","targetHints":{"allow":["GET"]}}],"collection":[{"href":"https:\/\/www.panda-events.com\/it\/wp-json\/wp\/v2\/pages"}],"about":[{"href":"https:\/\/www.panda-events.com\/it\/wp-json\/wp\/v2\/types\/page"}],"author":[{"embeddable":true,"href":"https:\/\/www.panda-events.com\/it\/wp-json\/wp\/v2\/users\/1"}],"replies":[{"embeddable":true,"href":"https:\/\/www.panda-events.com\/it\/wp-json\/wp\/v2\/comments?post=1722"}],"version-history":[{"count":40,"href":"https:\/\/www.panda-events.com\/it\/wp-json\/wp\/v2\/pages\/1722\/revisions"}],"predecessor-version":[{"id":2052,"href":"https:\/\/www.panda-events.com\/it\/wp-json\/wp\/v2\/pages\/1722\/revisions\/2052"}],"wp:attachment":[{"href":"https:\/\/www.panda-events.com\/it\/wp-json\/wp\/v2\/media?parent=1722"}],"curies":[{"name":"wp","href":"https:\/\/api.w.org\/{rel}","templated":true}]}}