

{"id":2389,"date":"2024-05-31T22:10:40","date_gmt":"2024-05-31T20:10:40","guid":{"rendered":"https:\/\/www.panda-events.com\/?page_id=2389"},"modified":"2024-05-31T22:16:43","modified_gmt":"2024-05-31T20:16:43","slug":"foire-aux-questions","status":"publish","type":"page","link":"https:\/\/www.panda-events.com\/it\/foire-aux-questions\/","title":{"rendered":"Domande frequenti"},"content":{"rendered":"<div data-elementor-type=\"wp-page\" data-elementor-id=\"2389\" class=\"elementor elementor-2389\" data-elementor-post-type=\"page\">\n\t\t\t\t<div class=\"elementor-element elementor-element-7fcb4e1 e-flex e-con-boxed e-con e-parent\" data-id=\"7fcb4e1\" data-element_type=\"container\" data-e-type=\"container\" data-settings=\"{&quot;jet_parallax_layout_list&quot;:[]}\">\n\t\t\t\t\t<div class=\"e-con-inner\">\n\t\t\t\t<div class=\"elementor-element elementor-element-9b619ab elementor-widget elementor-widget-exhibz-title\" data-id=\"9b619ab\" data-element_type=\"widget\" data-e-type=\"widget\" data-settings=\"{&quot;ekit_we_effect_on&quot;:&quot;none&quot;}\" data-widget_type=\"exhibz-title.default\">\n\t\t\t\t<div class=\"elementor-widget-container\">\n\t\t\t\t\t\n    <div class=\"title-section-area\">\n        <h2 class=\"section-title\">\n            <span class=\"sub-title\"><\/span>\n\t\t\tDOMANDE FREQUENTI        <\/h2>\n\t\t\t\t\t<div class=\"title-desc\"><p>Cosa fare, dove, come e molto altro.<\/p><\/div>\n\t\t                    <span class=\"title-shape\">\n                  <svg xmlns='http:\/\/www.w3.org\/2000\/svg' xmlns:xlink='http:\/\/www.w3.org\/1999\/xlink' width='71px' height='11px'> <path fill-rule='evenodd' d='M59.669,10.710 L49.164,3.306 L39.428,10.681 L29.714,3.322 L20.006,10.682 L10.295,3.322 L1.185,10.228 L-0.010,8.578 L10.295,0.765 L20.006,8.125 L29.714,0.765 L39.428,8.125 L49.122,0.781 L59.680,8.223 L69.858,1.192 L70.982,2.895 L59.669,10.710 Z'\/><\/svg>\n            <\/span>\n                    <\/div><!-- Section title -->\n    \n    \n\n    \t\t\t\t<\/div>\n\t\t\t\t<\/div>\n\t\t\t\t<div class=\"elementor-element elementor-element-23e131e elementor-widget elementor-widget-text-editor\" data-id=\"23e131e\" data-element_type=\"widget\" data-e-type=\"widget\" data-settings=\"{&quot;ekit_we_effect_on&quot;:&quot;none&quot;}\" data-widget_type=\"text-editor.default\">\n\t\t\t\t<div class=\"elementor-widget-container\">\n\t\t\t\t\t\t\t\t\t<h4>OGGETTI TROVATI<\/h4><p>Avete perso qualcosa durante la vostra visita? Forse l'abbiamo ritrovato!<br \/>Andate al nostro modulo di contatto e descrivete l'oggetto nel modo pi\u00f9 preciso possibile.<\/p><h4>IL PAGAMENTO ONLINE SUL SITO WEB DI PANDA-EVENTI \u00c8 SICURO?<\/h4><p>Il pagamento \u00e8 sicuro su 100% anche se il lucchetto non viene visualizzato nella barra degli indirizzi dell'url. La pagina di pagamento \u00e8 sicura e crittografata, ma l'intero sito web di Panda Events non lo \u00e8, da cui la mancanza del lucchetto.<\/p><h4><strong>SONO MINORENNE E VORREI ASSISTERE A UN CONCERTO. \u00c8 POSSIBILE?<\/strong><\/h4><p>Come previsto dal nostro regolamento: se non diversamente indicato, l'accesso al bar e agli spettacoli \u00e8 vietato ai minori di 16 anni, a meno che non siano accompagnati da un adulto (art. L3342-3 del Codice della Salute Pubblica francese).<\/p><h4><strong>VORREI PORTARE MIO FIGLIO A UN CONCERTO. \u00c8 POSSIBILE? A QUALE TARIFFA?<\/strong><\/h4><p>I bambini a partire dai tre anni possono assistere ai concerti, esclusi quelli per il pubblico giovane. Le cuffie di protezione dell'udito sono disponibili per i genitori al botteghino o al guardaroba di ogni sala da concerto.<\/p><p>Per i bambini dai 3 ai 5 anni: l'ingresso al concerto \u00e8 gratuito dietro presentazione di un documento d'identit\u00e0 e previo ritiro del biglietto presso il botteghino della sala concerti.<\/p><p>Per i bambini dai 6 agli 11 anni: \u00e8 possibile acquistare un biglietto a tariffa ridotta, dietro presentazione di un documento d'identit\u00e0 del bambino.<\/p><p><strong>Questi posti sono soggetti a disponibilit\u00e0.<\/strong><\/p><h4><strong>AUTORIZZATO \/ VIETATO<\/strong><\/h4><ul><li>Durante i concerti non \u00e8 consentito l'uso di macchine fotografiche e apparecchiature video, a meno che non siano specificamente accreditate.<\/li><li>Posso portare il mio scooter e lasciarlo nel guardaroba? Purtroppo no.<\/li><li>Altri oggetti sono ovviamente vietati: oggetti ingombranti e qualsiasi oggetto pericoloso, tagliente, appuntito o smussato, ecc. Bottiglie di vetro, lattine di metallo e alcolici.<\/li><li>Anche gli animali sono vietati, tranne in circostanze eccezionali.<\/li><\/ul><h4><strong>HO COMPRATO UN BIGLIETTO PER UN CONCERTO DEI PANDA EVENTS, MA NON POSSO PI\u00d9 VENIRE. COSA POSSO FARE?<\/strong><\/h4><p>I biglietti per i concerti non sono sostituibili n\u00e9 rimborsabili, tranne in caso di cancellazione o rinvio dello spettacolo.<\/p><p>Poich\u00e9 i biglietti non sono nominativi, la rivendita dei biglietti acquistati al prezzo di \"prevendita\" \u00e8 tollerata. Il prezzo di rivendita del biglietto non pu\u00f2 superare il prezzo di acquisto iniziale (valore nominale).\u00a0<\/p><p>Vi invitiamo a pubblicare un annuncio su siti di rivendita sicuri<\/p><h4><strong>IL CONCERTO CHE VOLEVO VEDERE \u00c8 ESAURITO!<\/strong><\/h4><p>Purtroppo succede... E si pu\u00f2 essere tentati di trovare uno spazio di seconda mano, anche a costo di pagare molto...<\/p><p>Attenzione ai bagarini! Quando si acquista un biglietto su Internet (siti web che vendono biglietti a privati, aste, ecc.) non si ha alcuna garanzia dell'autenticit\u00e0 del biglietto venduto. I biglietti sono dotati di un codice a barre che pu\u00f2 essere facilmente fotocopiato, quindi si corre il rischio di acquistare un biglietto gi\u00e0 utilizzato da un altro spettatore.<\/p><p>Si prega di notare che in caso di modifica o cancellazione dello spettacolo, solo l'acquirente originale sar\u00e0 informato via e-mail, quindi assicuratevi di informarvi sul vostro evento prima di venire.\u00a0<\/p><h4><strong>COMPLETO? COMPLETO COMPLETO ?<\/strong><\/h4><p>S\u00ec, purtroppo...<\/p><p>Eccezionalmente, alcuni biglietti possono essere rimessi in vendita. Queste informazioni vengono trasmesse principalmente sui social network, quindi vi invitiamo a tenerli sotto controllo.<\/p><p>In ogni caso, non teniamo una quota di biglietti da vendere la sera stessa.<\/p>\t\t\t\t\t\t\t\t<\/div>\n\t\t\t\t<\/div>\n\t\t\t\t\t<\/div>\n\t\t\t\t<\/div>\n\t\t\t\t<\/div>","protected":false},"excerpt":{"rendered":"<p>FOIRE AUX QUESTIONS Que faire, o\u00f9, comment et bien plus encore. OBJETS TROUV\u00c9S Vous avez perdu un objet lors de votre venue ? Peut-\u00eatre l&rsquo;avons-nous retrouv\u00e9 !Rendez-vous sur notre formulaire de contact et d\u00e9crivez cet objet le plus pr\u00e9cis\u00e9ment possible. LE PAIEMENT EN LIGNE SUR LE SITE PANDA-EVENTS\u00a0 EST-IL S\u00c9CURIS\u00c9 ? Le paiement est s\u00e9curis\u00e9 [&hellip;]<\/p>\n","protected":false},"author":1,"featured_media":0,"parent":0,"menu_order":0,"comment_status":"closed","ping_status":"closed","template":"elementor_header_footer","meta":{"footnotes":""},"class_list":["post-2389","page","type-page","status-publish","hentry"],"yoast_head":"<!-- This site is optimized with the Yoast SEO plugin v27.1.1 - https:\/\/yoast.com\/product\/yoast-seo-wordpress\/ -->\n<title>Foire aux questions | Panda Events<\/title>\n<meta name=\"robots\" content=\"index, follow, max-snippet:-1, max-image-preview:large, max-video-preview:-1\" \/>\n<link rel=\"canonical\" href=\"https:\/\/www.panda-events.com\/it\/foire-aux-questions\/\" \/>\n<meta property=\"og:locale\" content=\"it_IT\" \/>\n<meta property=\"og:type\" content=\"article\" \/>\n<meta property=\"og:title\" content=\"Foire aux questions | Panda Events\" \/>\n<meta property=\"og:description\" content=\"FOIRE AUX QUESTIONS Que faire, o\u00f9, comment et bien plus encore. OBJETS TROUV\u00c9S Vous avez perdu un objet lors de votre venue ? Peut-\u00eatre l&rsquo;avons-nous retrouv\u00e9 !Rendez-vous sur notre formulaire de contact et d\u00e9crivez cet objet le plus pr\u00e9cis\u00e9ment possible. LE PAIEMENT EN LIGNE SUR LE SITE PANDA-EVENTS\u00a0 EST-IL S\u00c9CURIS\u00c9 ? Le paiement est s\u00e9curis\u00e9 [&hellip;]\" \/>\n<meta property=\"og:url\" content=\"https:\/\/www.panda-events.com\/it\/foire-aux-questions\/\" \/>\n<meta property=\"og:site_name\" content=\"Panda Events\" \/>\n<meta property=\"article:publisher\" content=\"https:\/\/www.facebook.com\/pandaevents?locale=fr_FR\" \/>\n<meta property=\"article:modified_time\" content=\"2024-05-31T20:16:43+00:00\" \/>\n<meta name=\"twitter:card\" content=\"summary_large_image\" \/>\n<meta name=\"twitter:label1\" content=\"Tempo di lettura stimato\" \/>\n\t<meta name=\"twitter:data1\" content=\"3 minuti\" \/>\n<script type=\"application\/ld+json\" class=\"yoast-schema-graph\">{\"@context\":\"https:\/\/schema.org\",\"@graph\":[{\"@type\":\"WebPage\",\"@id\":\"https:\/\/www.panda-events.com\/foire-aux-questions\/\",\"url\":\"https:\/\/www.panda-events.com\/foire-aux-questions\/\",\"name\":\"Foire aux questions | Panda Events\",\"isPartOf\":{\"@id\":\"https:\/\/www.panda-events.com\/#website\"},\"datePublished\":\"2024-05-31T20:10:40+00:00\",\"dateModified\":\"2024-05-31T20:16:43+00:00\",\"breadcrumb\":{\"@id\":\"https:\/\/www.panda-events.com\/foire-aux-questions\/#breadcrumb\"},\"inLanguage\":\"it-IT\",\"potentialAction\":[{\"@type\":\"ReadAction\",\"target\":[\"https:\/\/www.panda-events.com\/foire-aux-questions\/\"]}]},{\"@type\":\"BreadcrumbList\",\"@id\":\"https:\/\/www.panda-events.com\/foire-aux-questions\/#breadcrumb\",\"itemListElement\":[{\"@type\":\"ListItem\",\"position\":1,\"name\":\"Home\",\"item\":\"https:\/\/www.panda-events.com\/\"},{\"@type\":\"ListItem\",\"position\":2,\"name\":\"Foire aux questions\"}]},{\"@type\":\"WebSite\",\"@id\":\"https:\/\/www.panda-events.com\/#website\",\"url\":\"https:\/\/www.panda-events.com\/\",\"name\":\"Panda Events\",\"description\":\"Diffuseur de musique live sur la C\u00f4te d&#039;Azur et partout ailleurs !\",\"publisher\":{\"@id\":\"https:\/\/www.panda-events.com\/#organization\"},\"potentialAction\":[{\"@type\":\"SearchAction\",\"target\":{\"@type\":\"EntryPoint\",\"urlTemplate\":\"https:\/\/www.panda-events.com\/?s={search_term_string}\"},\"query-input\":{\"@type\":\"PropertyValueSpecification\",\"valueRequired\":true,\"valueName\":\"search_term_string\"}}],\"inLanguage\":\"it-IT\"},{\"@type\":\"Organization\",\"@id\":\"https:\/\/www.panda-events.com\/#organization\",\"name\":\"Panda Events\",\"url\":\"https:\/\/www.panda-events.com\/\",\"logo\":{\"@type\":\"ImageObject\",\"inLanguage\":\"it-IT\",\"@id\":\"https:\/\/www.panda-events.com\/#\/schema\/logo\/image\/\",\"url\":\"https:\/\/www.panda-events.com\/wp-content\/uploads\/2021\/12\/cropped-cropped-logo-panda-events.png\",\"contentUrl\":\"https:\/\/www.panda-events.com\/wp-content\/uploads\/2021\/12\/cropped-cropped-logo-panda-events.png\",\"width\":512,\"height\":512,\"caption\":\"Panda Events\"},\"image\":{\"@id\":\"https:\/\/www.panda-events.com\/#\/schema\/logo\/image\/\"},\"sameAs\":[\"https:\/\/www.facebook.com\/pandaevents?locale=fr_FR\"]}]}<\/script>\n<!-- \/ Yoast SEO plugin. -->","yoast_head_json":{"title":"Domande frequenti | Panda Events","robots":{"index":"index","follow":"follow","max-snippet":"max-snippet:-1","max-image-preview":"max-image-preview:large","max-video-preview":"max-video-preview:-1"},"canonical":"https:\/\/www.panda-events.com\/it\/foire-aux-questions\/","og_locale":"it_IT","og_type":"article","og_title":"Foire aux questions | Panda Events","og_description":"FOIRE AUX QUESTIONS Que faire, o\u00f9, comment et bien plus encore. OBJETS TROUV\u00c9S Vous avez perdu un objet lors de votre venue ? Peut-\u00eatre l&rsquo;avons-nous retrouv\u00e9 !Rendez-vous sur notre formulaire de contact et d\u00e9crivez cet objet le plus pr\u00e9cis\u00e9ment possible. LE PAIEMENT EN LIGNE SUR LE SITE PANDA-EVENTS\u00a0 EST-IL S\u00c9CURIS\u00c9 ? Le paiement est s\u00e9curis\u00e9 [&hellip;]","og_url":"https:\/\/www.panda-events.com\/it\/foire-aux-questions\/","og_site_name":"Panda Events","article_publisher":"https:\/\/www.facebook.com\/pandaevents?locale=fr_FR","article_modified_time":"2024-05-31T20:16:43+00:00","twitter_card":"summary_large_image","twitter_misc":{"Tempo di lettura stimato":"3 minuti"},"schema":{"@context":"https:\/\/schema.org","@graph":[{"@type":"WebPage","@id":"https:\/\/www.panda-events.com\/foire-aux-questions\/","url":"https:\/\/www.panda-events.com\/foire-aux-questions\/","name":"Domande frequenti | Panda Events","isPartOf":{"@id":"https:\/\/www.panda-events.com\/#website"},"datePublished":"2024-05-31T20:10:40+00:00","dateModified":"2024-05-31T20:16:43+00:00","breadcrumb":{"@id":"https:\/\/www.panda-events.com\/foire-aux-questions\/#breadcrumb"},"inLanguage":"it-IT","potentialAction":[{"@type":"ReadAction","target":["https:\/\/www.panda-events.com\/foire-aux-questions\/"]}]},{"@type":"BreadcrumbList","@id":"https:\/\/www.panda-events.com\/foire-aux-questions\/#breadcrumb","itemListElement":[{"@type":"ListItem","position":1,"name":"Home","item":"https:\/\/www.panda-events.com\/"},{"@type":"ListItem","position":2,"name":"Foire aux questions"}]},{"@type":"WebSite","@id":"https:\/\/www.panda-events.com\/#website","url":"https:\/\/www.panda-events.com\/","name":"Eventi Panda","description":"Emittente di musica dal vivo in Costa Azzurra e non solo!","publisher":{"@id":"https:\/\/www.panda-events.com\/#organization"},"potentialAction":[{"@type":"SearchAction","target":{"@type":"EntryPoint","urlTemplate":"https:\/\/www.panda-events.com\/?s={search_term_string}"},"query-input":{"@type":"PropertyValueSpecification","valueRequired":true,"valueName":"search_term_string"}}],"inLanguage":"it-IT"},{"@type":"Organization","@id":"https:\/\/www.panda-events.com\/#organization","name":"Eventi Panda","url":"https:\/\/www.panda-events.com\/","logo":{"@type":"ImageObject","inLanguage":"it-IT","@id":"https:\/\/www.panda-events.com\/#\/schema\/logo\/image\/","url":"https:\/\/www.panda-events.com\/wp-content\/uploads\/2021\/12\/cropped-cropped-logo-panda-events.png","contentUrl":"https:\/\/www.panda-events.com\/wp-content\/uploads\/2021\/12\/cropped-cropped-logo-panda-events.png","width":512,"height":512,"caption":"Panda Events"},"image":{"@id":"https:\/\/www.panda-events.com\/#\/schema\/logo\/image\/"},"sameAs":["https:\/\/www.facebook.com\/pandaevents?locale=fr_FR"]}]}},"_links":{"self":[{"href":"https:\/\/www.panda-events.com\/it\/wp-json\/wp\/v2\/pages\/2389","targetHints":{"allow":["GET"]}}],"collection":[{"href":"https:\/\/www.panda-events.com\/it\/wp-json\/wp\/v2\/pages"}],"about":[{"href":"https:\/\/www.panda-events.com\/it\/wp-json\/wp\/v2\/types\/page"}],"author":[{"embeddable":true,"href":"https:\/\/www.panda-events.com\/it\/wp-json\/wp\/v2\/users\/1"}],"replies":[{"embeddable":true,"href":"https:\/\/www.panda-events.com\/it\/wp-json\/wp\/v2\/comments?post=2389"}],"version-history":[{"count":10,"href":"https:\/\/www.panda-events.com\/it\/wp-json\/wp\/v2\/pages\/2389\/revisions"}],"predecessor-version":[{"id":2399,"href":"https:\/\/www.panda-events.com\/it\/wp-json\/wp\/v2\/pages\/2389\/revisions\/2399"}],"wp:attachment":[{"href":"https:\/\/www.panda-events.com\/it\/wp-json\/wp\/v2\/media?parent=2389"}],"curies":[{"name":"wp","href":"https:\/\/api.w.org\/{rel}","templated":true}]}}